{"id":7,"date":"2019-04-17T15:37:22","date_gmt":"2019-04-17T18:37:22","guid":{"rendered":"http:\/\/alliviciblog.azurewebsites.net\/?page_id=7"},"modified":"2021-07-28T13:34:00","modified_gmt":"2021-07-28T16:34:00","slug":"sobre","status":"publish","type":"page","link":"https:\/\/alliviciblog.azurewebsites.net\/index.php\/sobre\/","title":{"rendered":"Sobre"},"content":{"rendered":"<p>Se voc\u00ea clicou aqui provavelmente \u00e9 porque quer saber um pouco mais sobre o <a href=\"https:\/\/allivici.com.br\">ALLIVICI<\/a>. Ent\u00e3o, vamos l\u00e1:<\/p>\n<p>Trata-se de um software desenvolvido por uma competente equipe de nutricionistas e programadores com &nbsp;intuito de <strong>otimizar rotina profissional de quem atua com NUTRI\u00c7\u00c3O<\/strong>.<\/p>\n<p>Por ter sido elaborado por quem tamb\u00e9m vivencia o dia a dia cl\u00ednico, o <a href=\"https:\/\/allivici.com.br\">ALLIVICI<\/a> possui ferramentas \u00edmpares, que realmente facilitam a elabora\u00e7\u00e3o e c\u00e1lculos dos planos alimentares, pedidos de exames e prescri\u00e7\u00e3o de suplementa\u00e7\u00f5es.<\/p>\n<p><a href=\"https:\/\/www.youtube.com\/watch?v=5NPO32tplPw&amp;t=3s\"><em>Conhe\u00e7a algumas delas clicando aqui.<\/em><\/a><\/p>\n<p>Mas n\u00e3o para por a\u00ed. <strong>O intuito maior do <a href=\"https:\/\/allivici.com.br\">ALLIVICI<\/a> \u00e9 fazer com que o profissional de nutri\u00e7\u00e3o se sinta confort\u00e1vel com a pr\u00e1tica e seus desafios, se sinta seguro e sempre preparado para crescer. E foi pensando nisso que esse Blog surgiu.<\/strong><\/p>\n<p>Alimentado por profissionais atualizados, no Blog <a href=\"https:\/\/allivici.com.br\">ALLIVICI<\/a> voc\u00ea encontrar\u00e1 not\u00edcias, artigos e demais informa\u00e7\u00f5es que te deixar\u00e3o sempre um passo \u00e0 frente!<\/p>\n<p>Estamos aqui para te impulsionar!<\/p>\n<p>Conte conosco. Seja <a href=\"https:\/\/allivici.com.br\">ALLIVICI<\/a> voc\u00ea tamb\u00e9m!<\/p>\n","protected":false},"excerpt":{"rendered":"<p>Se voc\u00ea clicou aqui provavelmente \u00e9 porque quer saber um pouco mais sobre o ALLIVICI. Ent\u00e3o, vamos l\u00e1: Trata-se de um software desenvolvido por uma competente equipe de nutricionistas e programadores com &nbsp;intuito de otimizar rotina profissional de quem atua com NUTRI\u00c7\u00c3O. Por ter sido elaborado por quem tamb\u00e9m vivencia o dia a dia cl\u00ednico,&hellip; <a href=\"https:\/\/alliviciblog.azurewebsites.net\/index.php\/sobre\/\" class=\"more-link\">Continuar lendo <span class=\"screen-reader-text\">Sobre<\/span><\/a><\/p>\n","protected":false},"author":1,"featured_media":0,"parent":0,"menu_order":2,"comment_status":"closed","ping_status":"closed","template":"","meta":{"spay_email":""},"tags":[],"jetpack-related-posts":[{"id":3,"url":"https:\/\/alliviciblog.azurewebsites.net\/index.php\/allivici-politica-de-privacidade\/","url_meta":{"origin":7,"position":0},"title":"Pol\u00edtica de privacidade","date":"27 de julho de 2021","format":false,"excerpt":"Quem somos O endere\u00e7o do nosso site \u00e9: http:\/\/alliviciblog.azurewebsites.net. Quais dados pessoais coletamos e porque Coment\u00e1rios Quando os visitantes deixam coment\u00e1rios no site, coletamos os dados mostrados no formul\u00e1rio de coment\u00e1rios, al\u00e9m do endere\u00e7o de IP e de dados do navegador do visitante, para auxiliar na detec\u00e7\u00e3o de spam. Uma\u2026","rel":"","context":"Post similar","img":{"alt_text":"","src":"","width":0,"height":0},"classes":[]},{"id":8,"url":"https:\/\/alliviciblog.azurewebsites.net\/index.php\/contato\/","url_meta":{"origin":7,"position":1},"title":"Contato","date":"17 de abril de 2019","format":false,"excerpt":"Gostaria de entrar em contato com a equipe Allivici? Por favor, preencha os campos a seguir.","rel":"","context":"Post similar","img":{"alt_text":"","src":"","width":0,"height":0},"classes":[]}],"_links":{"self":[{"href":"https:\/\/alliviciblog.azurewebsites.net\/index.php\/wp-json\/wp\/v2\/pages\/7"}],"collection":[{"href":"https:\/\/alliviciblog.azurewebsites.net\/index.php\/wp-json\/wp\/v2\/pages"}],"about":[{"href":"https:\/\/alliviciblog.azurewebsites.net\/index.php\/wp-json\/wp\/v2\/types\/page"}],"author":[{"embeddable":true,"href":"https:\/\/alliviciblog.azurewebsites.net\/index.php\/wp-json\/wp\/v2\/users\/1"}],"replies":[{"embeddable":true,"href":"https:\/\/alliviciblog.azurewebsites.net\/index.php\/wp-json\/wp\/v2\/comments?post=7"}],"version-history":[{"count":1,"href":"https:\/\/alliviciblog.azurewebsites.net\/index.php\/wp-json\/wp\/v2\/pages\/7\/revisions"}],"predecessor-version":[{"id":666,"href":"https:\/\/alliviciblog.azurewebsites.net\/index.php\/wp-json\/wp\/v2\/pages\/7\/revisions\/666"}],"wp:attachment":[{"href":"https:\/\/alliviciblog.azurewebsites.net\/index.php\/wp-json\/wp\/v2\/media?parent=7"}],"wp:term":[{"taxonomy":"post_tag","embeddable":true,"href":"https:\/\/alliviciblog.azurewebsites.net\/index.php\/wp-json\/wp\/v2\/tags?post=7"}],"curies":[{"name":"wp","href":"https:\/\/api.w.org\/{rel}","templated":true}]}}